{"id":1721,"date":"2023-08-27T08:53:19","date_gmt":"2023-08-27T06:53:19","guid":{"rendered":"https:\/\/vonmeissner.com\/?page_id=1721"},"modified":"2023-08-28T07:55:12","modified_gmt":"2023-08-28T05:55:12","slug":"contact","status":"publish","type":"page","link":"https:\/\/vonmeissner.com\/?page_id=1721&lang=en","title":{"rendered":"Contact"},"content":{"rendered":"<section class=\"wpb-content-wrapper\">[vc_row full_width=&#8221;stretch_row&#8221; css=&#8221;.vc_custom_1693118027006{background-image: url(http:\/\/vonmeissner.com\/wp-content\/uploads\/2023\/08\/IMG_3581.jpeg?id=1708) !important;background-position: center !important;background-repeat: no-repeat !important;background-size: cover !important;}&#8221;][vc_column]<div class=\"vcex-spacing wpex-w-100 wpex-clear\" style=\"height:60px;\"><\/div>[\/vc_column][\/vc_row][vc_row][vc_column][\/vc_column][\/vc_row][vc_row][vc_column width=&#8221;1\/2&#8243;][vc_column_text]\n<h2>Contact<\/h2>\n[\/vc_column_text]<div class=\"vcex-spacing wpex-w-100 wpex-clear\"><\/div><style>.vcex-image.vcex_69fa0bdf8e758 .vcex-image-img{border-radius:var(--wpex-rounded);}<\/style><figure class=\"vcex-image vcex-module vcex_69fa0bdf8e758\"><div class=\"vcex-image-inner wpex-relative wpex-inline-block\"><img width=\"581\" height=\"592\" src=\"https:\/\/vonmeissner.com\/wp-content\/uploads\/2023\/08\/IMG_3579.jpeg\" class=\"vcex-image-img wpex-align-middle\" alt=\"\" loading=\"lazy\" decoding=\"async\" srcset=\"https:\/\/vonmeissner.com\/wp-content\/uploads\/2023\/08\/IMG_3579.jpeg 581w, https:\/\/vonmeissner.com\/wp-content\/uploads\/2023\/08\/IMG_3579-294x300.jpeg 294w\" sizes=\"auto, (max-width: 581px) 100vw, 581px\" \/><\/div><\/figure>[\/vc_column][vc_column width=&#8221;1\/2&#8243;]<div class=\"vcex-spacing wpex-w-100 wpex-clear\" style=\"height:120px;\"><\/div>[vc_column_text]Tel: +49 173 1309435<\/p>\n<p>mail: advisory@vonmeissner.com<\/p>\n<p>LinkedIn: <a href=\"https:\/\/www.linkedin.com\/in\/daniel-von-mei%C3%9Fner-9868a2b2\" target=\"_blank\" rel=\"noopener\">Daniel von Mei\u00dfner<\/a><\/p>\n<p>Xing: <a href=\"https:\/\/www.xing.com\/profile\/Daniel_vonMeissner\/cv\" target=\"_blank\" rel=\"noopener\">Daniel von Mei\u00dfner<\/a><\/p>\n<p>&nbsp;<\/p>\n<p>I am looking forward to your contact..<\/p>\n<p>Daniel von Mei\u00dfner[\/vc_column_text][\/vc_column][\/vc_row][vc_row][vc_column][\/vc_column][\/vc_row]\n<\/section>","protected":false},"excerpt":{"rendered":"<p>[vc_row full_width=&#8221;stretch_row&#8221; css=&#8221;.vc_custom_1693118027006{background-image: url(http:\/\/vonmeissner.com\/wp-content\/uploads\/2023\/08\/IMG_3581.jpeg?id=1708) !important;background-position: center !important;background-repeat: no-repeat !important;background-size: cover !important;}&#8221;][vc_column][\/vc_column][\/vc_row][vc_row][vc_column][\/vc_column][\/vc_row][vc_row][vc_column width=&#8221;1\/2&#8243;][vc_column_text] Contact [\/vc_column_text][\/vc_column][vc_column width=&#8221;1\/2&#8243;][vc_column_text]Tel: +49 173 1309435 mail: advisory@vonmeissner.com LinkedIn: Daniel von Mei\u00dfner Xing: Daniel von Mei\u00dfner &nbsp; I am looking forward to your contact.. Daniel von Mei\u00dfner[\/vc_column_text][\/vc_column][\/vc_row][vc_row][vc_column][\/vc_column][\/vc_row]<\/p>\n","protected":false},"author":2,"featured_media":0,"parent":0,"menu_order":0,"comment_status":"closed","ping_status":"closed","template":"","meta":{"footnotes":""},"class_list":["post-1721","page","type-page","status-publish","hentry","entry","no-media"],"_links":{"self":[{"href":"https:\/\/vonmeissner.com\/index.php?rest_route=\/wp\/v2\/pages\/1721","targetHints":{"allow":["GET"]}}],"collection":[{"href":"https:\/\/vonmeissner.com\/index.php?rest_route=\/wp\/v2\/pages"}],"about":[{"href":"https:\/\/vonmeissner.com\/index.php?rest_route=\/wp\/v2\/types\/page"}],"author":[{"embeddable":true,"href":"https:\/\/vonmeissner.com\/index.php?rest_route=\/wp\/v2\/users\/2"}],"replies":[{"embeddable":true,"href":"https:\/\/vonmeissner.com\/index.php?rest_route=%2Fwp%2Fv2%2Fcomments&post=1721"}],"version-history":[{"count":2,"href":"https:\/\/vonmeissner.com\/index.php?rest_route=\/wp\/v2\/pages\/1721\/revisions"}],"predecessor-version":[{"id":1734,"href":"https:\/\/vonmeissner.com\/index.php?rest_route=\/wp\/v2\/pages\/1721\/revisions\/1734"}],"wp:attachment":[{"href":"https:\/\/vonmeissner.com\/index.php?rest_route=%2Fwp%2Fv2%2Fmedia&parent=1721"}],"curies":[{"name":"wp","href":"https:\/\/api.w.org\/{rel}","templated":true}]}}