{"id":1745,"date":"2023-08-28T18:33:07","date_gmt":"2023-08-28T16:33:07","guid":{"rendered":"https:\/\/vonmeissner.com\/?page_id=1745"},"modified":"2025-12-10T10:43:21","modified_gmt":"2025-12-10T09:43:21","slug":"homepage-2","status":"publish","type":"page","link":"https:\/\/vonmeissner.com\/","title":{"rendered":"Homepage"},"content":{"rendered":"<section class=\"wpb-content-wrapper\">[vc_row full_width=&#8221;stretch_row&#8221; remove_bottom_col_margin=&#8221;true&#8221; css=&#8221;.vc_custom_1692910141769{padding-top: 15% !important;padding-bottom: 15% !important;background-image: url(http:\/\/vonmeissner.com\/wp-content\/uploads\/2023\/08\/IMG_3525.jpeg?id=1529) !important;background-position: center !important;background-repeat: no-repeat !important;background-size: cover !important;}&#8221;][vc_column wpex_featured_bg_image=&#8221;true&#8221; wpex_fixed_bg=&#8221;fixed-bottom&#8221;]<div class=\"vcex-spacing wpex-w-100 wpex-clear\" style=\"height:10px;\"><\/div><style>.vcex-heading.vcex_69f9e28a63d50{width:700px;color:#ffffff;font-size:35px;font-weight:700;}@media (max-width:767px){.vcex-heading.vcex_69f9e28a63d50{font-size:30px;}}<\/style><h2 class=\"vcex-heading vcex-heading-plain vcex-module wpex-text-2xl wpex-font-normal wpex-text-center wpex-max-w-100 wpex-mx-auto vcex_69f9e28a63d50\"><span class=\"vcex-heading-inner wpex-inline-block\">Sinn-Voll<\/span><\/h2><style>.vcex-heading.vcex_69f9e28a64d77{color:rgba(255,255,255,0.75);font-size:.9em;font-weight:600;text-transform:uppercase;letter-spacing:1px;}.vcex-heading.vcex_69f9e28a64d77:hover{color:#ffffff;}<\/style><h1 class=\"vcex-heading vcex-heading-plain vcex-module wpex-text-2xl wpex-font-normal wpex-text-center vcex_69f9e28a64d77\"><span class=\"vcex-heading-inner wpex-inline-block\">assoziativ * kollaborativ * sinnf\u00fchrend<\/span><\/h1><div class=\"vcex-spacing wpex-w-100 wpex-clear\" style=\"height:20px;\"><\/div>[\/vc_column][\/vc_row][vc_row remove_bottom_col_margin=&#8221;true&#8221;][vc_column]<div class=\"wpex-template-shortcode\">[vc_row][vc_column]<div class=\"vcex-spacing wpex-w-100 wpex-clear\" style=\"height:6vmax;\"><\/div>[\/vc_column][\/vc_row]\n<\/div>[\/vc_column][\/vc_row][vc_row css=&#8221;.vc_custom_1652816091347{padding-top: 3.3vmax !important;}&#8221;][vc_column width=&#8221;1\/2&#8243;][vc_column_text]\n<h2>In a Nutshell<\/h2>\n[\/vc_column_text][\/vc_column][vc_column width=&#8221;1\/2&#8243;][vc_column_text]Die Sinn-Maximierung muss an die Stelle der Gewinn-Maximierung treten. Und nur durch das <strong>sich-miteinander-verbinden<\/strong> kann in Folge wirklich \u201eSinn-Volles\u201c entstehen.<\/p>\n<p>Diese Verbindungen begleiten mich und begleite ich. Auf den Ebenen, die Entscheidendes dazu beitragen k\u00f6nnen und sollen.[\/vc_column_text][\/vc_column][\/vc_row][vc_row remove_bottom_col_margin=&#8221;true&#8221;][vc_column]<div class=\"wpex-template-shortcode\">[vc_row][vc_column]<div class=\"vcex-spacing wpex-w-100 wpex-clear\" style=\"height:6vmax;\"><\/div>[\/vc_column][\/vc_row]\n<\/div>[\/vc_column][\/vc_row][vc_row full_width=&#8221;stretch_row&#8221; remove_bottom_col_margin=&#8221;true&#8221; css=&#8221;.vc_custom_1692957210511{background-color: rgba(102,128,86,0.25) !important;*background-color: rgb(102,128,86) !important;}&#8221;][vc_column][vc_column_text css_animation=&#8221;none&#8221; text_align=&#8221;center&#8221; font_size=&#8221;2xl&#8221; width=&#8221;800px&#8221; font_weight=&#8221;500&#8243;]\n<h4><span class=\"s4\">\u201e<em>Durch das Assoziieren verbindet sich der Mensch mit einem anderen; und das Planm\u00e4\u00dfige des Ganzen entsteht durch die Vernunft des Einzelnen.<\/em>\u201c<\/span><\/h4>\n<h4><span class=\"s5\">(Rudolf Steiner, \u201cDie Kernpunkte der Sozialen Frage\u201d, GA 23, S.17 ff)<\/span><\/h4>\n[\/vc_column_text]<div class=\"vcex-spacing wpex-w-100 wpex-clear\" style=\"height:25px;\"><\/div>[\/vc_column][\/vc_row][vc_row remove_bottom_col_margin=&#8221;true&#8221;][vc_column]<div class=\"wpex-template-shortcode\">[vc_row][vc_column]<div class=\"vcex-spacing wpex-w-100 wpex-clear\" style=\"height:6vmax;\"><\/div>[\/vc_column][\/vc_row]\n<\/div>[\/vc_column][\/vc_row][vc_row][vc_column][vc_column_text]\n<h1 style=\"text-align: center;\">Leistungen<\/h1>\n[\/vc_column_text][\/vc_column][\/vc_row][vc_row][vc_column width=&#8221;1\/3&#8243;]<style>.vcex-image.vcex_69f9e28a67013 .vcex-image-img{border-radius:var(--wpex-rounded);}<\/style><figure class=\"vcex-image vcex-module textcenter vcex_69f9e28a67013\"><div class=\"vcex-image-inner wpex-relative wpex-inline-block\"><img width=\"300\" height=\"299\" src=\"https:\/\/vonmeissner.com\/wp-content\/uploads\/2023\/08\/IMG_3529.jpeg\" class=\"vcex-image-img wpex-align-middle\" alt=\"\" loading=\"lazy\" decoding=\"async\" srcset=\"https:\/\/vonmeissner.com\/wp-content\/uploads\/2023\/08\/IMG_3529.jpeg 300w, https:\/\/vonmeissner.com\/wp-content\/uploads\/2023\/08\/IMG_3529-150x150.jpeg 150w\" sizes=\"auto, (max-width: 300px) 100vw, 300px\" \/><\/div><\/figure><div class=\"vcex-spacing wpex-w-100 wpex-clear\"><\/div>[vc_column_text]\n<h5 style=\"text-align: center;\"><span class=\"s10\">Wahrnehmung von <strong>Verwaltungs-<\/strong><\/span><strong> <span class=\"s10\">resp.<\/span><\/strong><span class=\"s10\"><strong> Aufsichtsratsmandaten<\/strong> im Handelsumfeld<\/span><\/h5>\n[\/vc_column_text][\/vc_column][vc_column width=&#8221;1\/3&#8243;]<style>.vcex-image.vcex_69f9e28a67e40 .vcex-image-img{border-radius:var(--wpex-rounded);}<\/style><figure class=\"vcex-image vcex-module textcenter vcex_69f9e28a67e40\"><div class=\"vcex-image-inner wpex-relative wpex-inline-block\"><img width=\"300\" height=\"299\" src=\"https:\/\/vonmeissner.com\/wp-content\/uploads\/2023\/08\/IMG_3530.jpeg\" class=\"vcex-image-img wpex-align-middle\" alt=\"\" loading=\"lazy\" decoding=\"async\" srcset=\"https:\/\/vonmeissner.com\/wp-content\/uploads\/2023\/08\/IMG_3530.jpeg 300w, https:\/\/vonmeissner.com\/wp-content\/uploads\/2023\/08\/IMG_3530-150x150.jpeg 150w\" sizes=\"auto, (max-width: 300px) 100vw, 300px\" \/><\/div><\/figure><div class=\"vcex-spacing wpex-w-100 wpex-clear\"><\/div>[vc_column_text]\n<h5 style=\"text-align: center;\">Unterst\u00fctzung von <strong>Start Up<\/strong> Unternehmen in der Anlaufphase (<strong>Prozessmaturit\u00e4t<\/strong>)<\/h5>\n[\/vc_column_text][\/vc_column][vc_column width=&#8221;1\/3&#8243;]<style>.vcex-image.vcex_69f9e28a68acb .vcex-image-img{border-radius:var(--wpex-rounded);}<\/style><figure class=\"vcex-image vcex-module textcenter vcex_69f9e28a68acb\"><div class=\"vcex-image-inner wpex-relative wpex-inline-block\"><img width=\"300\" height=\"299\" src=\"https:\/\/vonmeissner.com\/wp-content\/uploads\/2023\/08\/IMG_3531.jpeg\" class=\"vcex-image-img wpex-align-middle\" alt=\"\" loading=\"lazy\" decoding=\"async\" srcset=\"https:\/\/vonmeissner.com\/wp-content\/uploads\/2023\/08\/IMG_3531.jpeg 300w, https:\/\/vonmeissner.com\/wp-content\/uploads\/2023\/08\/IMG_3531-150x150.jpeg 150w\" sizes=\"auto, (max-width: 300px) 100vw, 300px\" \/><\/div><\/figure><div class=\"vcex-spacing wpex-w-100 wpex-clear\"><\/div>[vc_column_text]\n<h5 style=\"text-align: center;\"><span class=\"s10\">Mentoring und Coaching bei<\/span><strong><span class=\"s10\"> ERP-Unternehmensprojekten<\/span><\/strong> <span class=\"s10\">auf Ebene <\/span><span class=\"s10\">Gesch\u00e4ftsf\u00fchrung<\/span><span class=\"s10\"> und Projektleitung<\/span><\/h5>\n[\/vc_column_text][\/vc_column][\/vc_row][vc_row remove_bottom_col_margin=&#8221;true&#8221;][vc_column]<div class=\"wpex-template-shortcode\">[vc_row][vc_column]<div class=\"vcex-spacing wpex-w-100 wpex-clear\" style=\"height:6vmax;\"><\/div>[\/vc_column][\/vc_row]\n<\/div>[\/vc_column][\/vc_row][vc_row full_width=&#8221;stretch_row&#8221; remove_bottom_col_margin=&#8221;true&#8221; css=&#8221;.vc_custom_1692957259323{background-color: rgba(102,128,86,0.25) !important;*background-color: rgb(102,128,86) !important;}&#8221;][vc_column][vc_column_text css_animation=&#8221;none&#8221; text_align=&#8221;center&#8221; font_size=&#8221;2xl&#8221; width=&#8221;800px&#8221; font_weight=&#8221;500&#8243;]\n<h4 style=\"text-align: center;\">assoziativ * kollaborativ * sinnf\u00fchrend<\/h4>\n[\/vc_column_text]<div class=\"vcex-spacing wpex-w-100 wpex-clear\" style=\"height:25px;\"><\/div>[\/vc_column][\/vc_row][vc_row remove_bottom_col_margin=&#8221;true&#8221;][vc_column]<div class=\"wpex-template-shortcode\">[vc_row][vc_column]<div class=\"vcex-spacing wpex-w-100 wpex-clear\" style=\"height:6vmax;\"><\/div>[\/vc_column][\/vc_row]\n<\/div>[\/vc_column][\/vc_row][vc_row][vc_column][vc_column_text]\n<h1 style=\"text-align: center;\">Lernweg<\/h1>\n[\/vc_column_text][\/vc_column][\/vc_row][vc_row css=&#8221;.vc_custom_1652816091347{padding-top: 3.3vmax !important;}&#8221;][vc_column width=&#8221;1\/2&#8243;][vc_column_text]\n<h2>(chronologisch)<\/h2>\n[\/vc_column_text]<div class=\"vcex-spacing wpex-w-100 wpex-clear\"><\/div>[vc_column_text]<strong>Gestartet <\/strong>im Einzelhandel <span class=\"s7\">\u2192<\/span> <strong>gelernt<\/strong> in der Unternehmensberatung <span class=\"s7\">\u2192<\/span> <strong>gef\u00fchlt<\/strong> in der Bio-Branche <span class=\"s7\">\u2192 <\/span><strong>angekommen<\/strong> in assoziativen Netzwerken.<\/p>\n<ul>\n<li>\n<div class=\"s9\">2000: Diplom Wirtsch.-Ing (FH Nordakademie)<\/div>\n<\/li>\n<li>\n<div class=\"s9\">2001-2011: Unternehmensberatung, davon 4 Jahre Aufenthalt in Italien (Mailand)<\/div>\n<\/li>\n<li>\n<div class=\"s9\">2011-2018: Management innerhalb der Bio-Branche (Alnatura), davon 4 Jahre Gesch\u00e4ftsleitung der Firma Alnavit<\/div>\n<\/li>\n<li>\n<div class=\"s9\">2019-2021: Management innerhalb der Investment-Assoziation (Bio Development)<\/div>\n<\/li>\n<li>\n<div class=\"s9\">Jan &#8217;22 \u2013 Dez &#8217;24: Vorsitzender der Gesch\u00e4ftsleitung Biodina AG<\/div>\n<\/li>\n<li>Okt &#8217;23 &#8211; Mai &#8217;25: Interim Gesch\u00e4ftsf\u00fchrer Bio Development AG<\/li>\n<li>\n<div class=\"s9\">seit Aug &#8217;23: Selbstst\u00e4ndiger Advisor<\/div>\n<\/li>\n<\/ul>\n[\/vc_column_text][\/vc_column][vc_column width=&#8221;1\/2&#8243;][vc_column_text]\n<h2>(inhaltlich)<\/h2>\n[\/vc_column_text]<div class=\"vcex-spacing wpex-w-100 wpex-clear\"><\/div>[vc_column_text]\n<ul>\n<li><span style=\"color: var(--wpex-text-2);\"><strong>Unternehmensleiter<\/strong> zweier mittelst\u00e4ndischer (KMU) Unternehmen<\/span><\/li>\n<li>Verantwortlicher <strong>Projektmanager<\/strong> bei f\u00fcnf mittleren und gro\u00dfen ERP-Unternehmenseinf\u00fchrungen in Deutschland und Europa<\/li>\n<li><span style=\"color: var(--wpex-text-2);\"><strong>Beratende &amp;<\/strong> <strong>steuernde Begleitung<\/strong> mehrerer Sinn-basierter Unternehmen in der Bio-Branche<\/span><\/li>\n<\/ul>\n[\/vc_column_text][\/vc_column][\/vc_row][vc_row remove_bottom_col_margin=&#8221;true&#8221;][vc_column]<div class=\"wpex-template-shortcode\">[vc_row][vc_column]<div class=\"vcex-spacing wpex-w-100 wpex-clear\" style=\"height:6vmax;\"><\/div>[\/vc_column][\/vc_row]\n<\/div>[\/vc_column][\/vc_row][vc_row full_width=&#8221;stretch_row&#8221; remove_bottom_col_margin=&#8221;true&#8221; css=&#8221;.vc_custom_1692957259323{background-color: rgba(102,128,86,0.25) !important;*background-color: rgb(102,128,86) !important;}&#8221;][vc_column][vc_column_text css_animation=&#8221;none&#8221; text_align=&#8221;center&#8221; font_size=&#8221;2xl&#8221; width=&#8221;800px&#8221; font_weight=&#8221;500&#8243;]\n<h4 style=\"text-align: center;\">miteinander in Verbindung<\/h4>\n[\/vc_column_text]<div class=\"vcex-spacing wpex-w-100 wpex-clear\" style=\"height:25px;\"><\/div>[\/vc_column][\/vc_row][vc_row remove_bottom_col_margin=&#8221;true&#8221;][vc_column]<div class=\"wpex-template-shortcode\">[vc_row][vc_column]<div class=\"vcex-spacing wpex-w-100 wpex-clear\" style=\"height:6vmax;\"><\/div>[\/vc_column][\/vc_row]\n<\/div>[\/vc_column][\/vc_row][vc_row][vc_column][vc_column_text]\n<h1 style=\"text-align: center;\">Mandate<\/h1>\n[\/vc_column_text][\/vc_column][\/vc_row][vc_row][vc_column width=&#8221;1\/3&#8243;]<figure class=\"vcex-image vcex-module textcenter\"><div class=\"vcex-image-inner wpex-relative wpex-inline-block\"><img width=\"263\" height=\"94\" src=\"https:\/\/vonmeissner.com\/wp-content\/uploads\/2025\/12\/NOVUM-Logo.png\" class=\"vcex-image-img wpex-align-middle\" alt=\"\" loading=\"lazy\" decoding=\"async\" \/><\/div><\/figure><div class=\"vcex-spacing wpex-w-100 wpex-clear\" style=\"height:30px;\"><\/div><figure class=\"vcex-image vcex-module textcenter\"><div class=\"vcex-image-inner wpex-relative wpex-inline-block\"><img width=\"355\" height=\"102\" src=\"https:\/\/vonmeissner.com\/wp-content\/uploads\/2025\/12\/NaturaSi-Logo.png\" class=\"vcex-image-img wpex-align-middle\" alt=\"\" loading=\"lazy\" decoding=\"async\" srcset=\"https:\/\/vonmeissner.com\/wp-content\/uploads\/2025\/12\/NaturaSi-Logo.png 355w, https:\/\/vonmeissner.com\/wp-content\/uploads\/2025\/12\/NaturaSi-Logo-300x86.png 300w\" sizes=\"auto, (max-width: 355px) 100vw, 355px\" \/><\/div><\/figure><div class=\"vcex-spacing wpex-w-100 wpex-clear\" style=\"height:30px;\"><\/div>[vc_column_text]\n<h5 style=\"text-align: center;\"><span style=\"color: var(--wpex-heading-color); font-family: var(--wpex-heading-font-family); font-size: var(--wpex-text-md); font-style: var(--wpex-heading-font-style); font-weight: var(--wpex-heading-font-weight); letter-spacing: var(--wpex-heading-letter-spacing); text-transform: var(--wpex-heading-text-transform);\">Mitglied in den Unternehmensr\u00e4ten<\/span><\/h5>\n[\/vc_column_text][\/vc_column][vc_column width=&#8221;1\/3&#8243;]<figure class=\"vcex-image vcex-module textcenter\"><div class=\"vcex-image-inner wpex-relative wpex-inline-block\"><img width=\"1100\" height=\"356\" src=\"https:\/\/vonmeissner.com\/wp-content\/uploads\/2025\/01\/BD-mitRand-1.png\" class=\"vcex-image-img wpex-align-middle\" alt=\"\" loading=\"lazy\" decoding=\"async\" srcset=\"https:\/\/vonmeissner.com\/wp-content\/uploads\/2025\/01\/BD-mitRand-1.png 1100w, https:\/\/vonmeissner.com\/wp-content\/uploads\/2025\/01\/BD-mitRand-1-300x97.png 300w, https:\/\/vonmeissner.com\/wp-content\/uploads\/2025\/01\/BD-mitRand-1-1024x331.png 1024w, https:\/\/vonmeissner.com\/wp-content\/uploads\/2025\/01\/BD-mitRand-1-768x249.png 768w\" sizes=\"auto, (max-width: 1100px) 100vw, 1100px\" \/><\/div><\/figure><div class=\"vcex-spacing wpex-w-100 wpex-clear\" style=\"height:30px;\"><\/div>[vc_column_text]\n<h5 style=\"text-align: center;\"><span style=\"color: var(--wpex-heading-color); font-family: var(--wpex-heading-font-family); font-size: var(--wpex-text-md); font-style: var(--wpex-heading-font-style); font-weight: var(--wpex-heading-font-weight); letter-spacing: var(--wpex-heading-letter-spacing); text-transform: var(--wpex-heading-text-transform);\">Business &amp; Strategie Advisor<\/span><\/h5>\n[\/vc_column_text][\/vc_column][vc_column width=&#8221;1\/3&#8243;]<style>.vcex-image.vcex_69f9e28a6d617 .vcex-image-img{border-radius:var(--wpex-rounded);}<\/style><figure class=\"vcex-image vcex-module vcex_69f9e28a6d617\"><div class=\"vcex-image-inner wpex-relative wpex-inline-block\"><img width=\"2560\" height=\"1164\" src=\"https:\/\/vonmeissner.com\/wp-content\/uploads\/2025\/12\/RAAB_Logo_RGB_Qerformat_mit_Claim-scaled.png\" class=\"vcex-image-img wpex-align-middle\" alt=\"\" loading=\"lazy\" decoding=\"async\" srcset=\"https:\/\/vonmeissner.com\/wp-content\/uploads\/2025\/12\/RAAB_Logo_RGB_Qerformat_mit_Claim-scaled.png 2560w, https:\/\/vonmeissner.com\/wp-content\/uploads\/2025\/12\/RAAB_Logo_RGB_Qerformat_mit_Claim-300x136.png 300w, https:\/\/vonmeissner.com\/wp-content\/uploads\/2025\/12\/RAAB_Logo_RGB_Qerformat_mit_Claim-1024x466.png 1024w, https:\/\/vonmeissner.com\/wp-content\/uploads\/2025\/12\/RAAB_Logo_RGB_Qerformat_mit_Claim-768x349.png 768w, https:\/\/vonmeissner.com\/wp-content\/uploads\/2025\/12\/RAAB_Logo_RGB_Qerformat_mit_Claim-1536x699.png 1536w, https:\/\/vonmeissner.com\/wp-content\/uploads\/2025\/12\/RAAB_Logo_RGB_Qerformat_mit_Claim-2048x931.png 2048w\" sizes=\"auto, (max-width: 2560px) 100vw, 2560px\" \/><\/div><\/figure><div class=\"vcex-spacing wpex-w-100 wpex-clear\" style=\"height:10px;\"><\/div><style>.vcex-image.vcex_69f9e28a6e2ab .vcex-image-img{border-radius:var(--wpex-rounded);}<\/style><figure class=\"vcex-image vcex-module vcex_69f9e28a6e2ab\"><div class=\"vcex-image-inner wpex-relative wpex-inline-block\"><img width=\"1792\" height=\"1024\" src=\"https:\/\/vonmeissner.com\/wp-content\/uploads\/2025\/01\/Project-Mgmt_Picture-1.webp\" class=\"vcex-image-img wpex-align-middle\" alt=\"\" loading=\"lazy\" decoding=\"async\" srcset=\"https:\/\/vonmeissner.com\/wp-content\/uploads\/2025\/01\/Project-Mgmt_Picture-1.webp 1792w, https:\/\/vonmeissner.com\/wp-content\/uploads\/2025\/01\/Project-Mgmt_Picture-1-300x171.webp 300w, https:\/\/vonmeissner.com\/wp-content\/uploads\/2025\/01\/Project-Mgmt_Picture-1-1024x585.webp 1024w, https:\/\/vonmeissner.com\/wp-content\/uploads\/2025\/01\/Project-Mgmt_Picture-1-768x439.webp 768w, https:\/\/vonmeissner.com\/wp-content\/uploads\/2025\/01\/Project-Mgmt_Picture-1-1536x878.webp 1536w\" sizes=\"auto, (max-width: 1792px) 100vw, 1792px\" \/><\/div><\/figure><div class=\"vcex-spacing wpex-w-100 wpex-clear\" style=\"height:10px;\"><\/div>[vc_column_text]\n<h5 style=\"text-align: center;\"><span style=\"color: var(--wpex-heading-color); font-family: var(--wpex-heading-font-family); font-size: var(--wpex-text-md); font-style: var(--wpex-heading-font-style); font-weight: var(--wpex-heading-font-weight); letter-spacing: var(--wpex-heading-letter-spacing); text-transform: var(--wpex-heading-text-transform);\">verschiedene Projektmandate<\/span><\/h5>\n[\/vc_column_text][\/vc_column][\/vc_row][vc_row remove_bottom_col_margin=&#8221;true&#8221;][vc_column]<div class=\"wpex-template-shortcode\">[vc_row][vc_column]<div class=\"vcex-spacing wpex-w-100 wpex-clear\" style=\"height:6vmax;\"><\/div>[\/vc_column][\/vc_row]\n<\/div>[\/vc_column][\/vc_row][vc_row full_width=&#8221;stretch_row&#8221; remove_bottom_col_margin=&#8221;true&#8221; css=&#8221;.vc_custom_1692957282741{background-color: rgba(102,128,86,0.25) !important;*background-color: rgb(102,128,86) !important;}&#8221;][vc_column][vc_column_text css_animation=&#8221;none&#8221; text_align=&#8221;center&#8221; font_size=&#8221;2xl&#8221; width=&#8221;800px&#8221; font_weight=&#8221;500&#8243;]\n<h4>eMail: advisory@vonmeissner.com<\/h4>\n<h4>Tel: +49 (173) 1309435<\/h4>\n[\/vc_column_text]<div class=\"vcex-spacing wpex-w-100 wpex-clear\" style=\"height:25px;\"><\/div>[\/vc_column][\/vc_row]\n<\/section>","protected":false},"excerpt":{"rendered":"<p>[vc_row full_width=&#8221;stretch_row&#8221; remove_bottom_col_margin=&#8221;true&#8221; css=&#8221;.vc_custom_1692910141769{padding-top: 15% !important;padding-bottom: 15% !important;background-image: url(http:\/\/vonmeissner.com\/wp-content\/uploads\/2023\/08\/IMG_3525.jpeg?id=1529) !important;background-position: center !important;background-repeat: no-repeat !important;background-size: cover !important;}&#8221;][vc_column wpex_featured_bg_image=&#8221;true&#8221; wpex_fixed_bg=&#8221;fixed-bottom&#8221;][\/vc_column][\/vc_row][vc_row remove_bottom_col_margin=&#8221;true&#8221;][vc_column][\/vc_column][\/vc_row][vc_row css=&#8221;.vc_custom_1652816091347{padding-top: 3.3vmax !important;}&#8221;][vc_column width=&#8221;1\/2&#8243;][vc_column_text] In a Nutshell [\/vc_column_text][\/vc_column][vc_column width=&#8221;1\/2&#8243;][vc_column_text]Die Sinn-Maximierung muss an die Stelle der Gewinn-Maximierung treten. Und nur durch das sich-miteinander-verbinden kann in Folge wirklich \u201eSinn-Volles\u201c entstehen. Diese Verbindungen begleiten mich und begleite ich. Auf&hellip;<\/p>\n","protected":false},"author":2,"featured_media":0,"parent":0,"menu_order":0,"comment_status":"closed","ping_status":"closed","template":"","meta":{"footnotes":""},"class_list":["post-1745","page","type-page","status-publish","hentry","entry","no-media"],"_links":{"self":[{"href":"https:\/\/vonmeissner.com\/index.php?rest_route=\/wp\/v2\/pages\/1745","targetHints":{"allow":["GET"]}}],"collection":[{"href":"https:\/\/vonmeissner.com\/index.php?rest_route=\/wp\/v2\/pages"}],"about":[{"href":"https:\/\/vonmeissner.com\/index.php?rest_route=\/wp\/v2\/types\/page"}],"author":[{"embeddable":true,"href":"https:\/\/vonmeissner.com\/index.php?rest_route=\/wp\/v2\/users\/2"}],"replies":[{"embeddable":true,"href":"https:\/\/vonmeissner.com\/index.php?rest_route=%2Fwp%2Fv2%2Fcomments&post=1745"}],"version-history":[{"count":31,"href":"https:\/\/vonmeissner.com\/index.php?rest_route=\/wp\/v2\/pages\/1745\/revisions"}],"predecessor-version":[{"id":1823,"href":"https:\/\/vonmeissner.com\/index.php?rest_route=\/wp\/v2\/pages\/1745\/revisions\/1823"}],"wp:attachment":[{"href":"https:\/\/vonmeissner.com\/index.php?rest_route=%2Fwp%2Fv2%2Fmedia&parent=1745"}],"curies":[{"name":"wp","href":"https:\/\/api.w.org\/{rel}","templated":true}]}}